{"id":4560,"date":"2024-05-08T21:29:57","date_gmt":"2024-05-09T03:29:57","guid":{"rendered":"https:\/\/pcinsurancellc.org\/?page_id=4560"},"modified":"2024-05-08T21:34:50","modified_gmt":"2024-05-09T03:34:50","slug":"privacypolicy","status":"publish","type":"page","link":"https:\/\/pcinsurancellc.org\/es\/privacypolicy\/","title":{"rendered":"Pol\u00edtica de privacidad"},"content":{"rendered":"<div data-elementor-type=\"wp-page\" data-elementor-id=\"4560\" class=\"elementor elementor-4560\" data-elementor-post-type=\"page\">\n\t\t\t\t      \n\t\t\t\t<section class=\"elementor-section elementor-top-section elementor-element elementor-element-222d8ad6 elementor-section-boxed elementor-section-height-default elementor-section-height-default\" data-id=\"222d8ad6\" data-element_type=\"section\" data-settings=\"{&quot;background_background&quot;:&quot;video&quot;,&quot;background_video_link&quot;:&quot;https:\\\/\\\/www.youtube.com\\\/watch?v=O9F4rXp1Ogc&quot;,&quot;background_video_start&quot;:211,&quot;background_video_end&quot;:300,&quot;shape_divider_bottom&quot;:&quot;curve-asymmetrical&quot;,&quot;shape_divider_bottom_negative&quot;:&quot;yes&quot;}\">\n\t\t\t\t\t\t\t\t<div class=\"elementor-background-video-container elementor-hidden-phone\">\n\t\t\t\t\t\t\t\t\t\t\t\t\t<div class=\"elementor-background-video-embed\"><\/div>\n\t\t\t\t\t\t\t\t\t\t\t\t<\/div>\n\t\t\t\t\t\t\t\t\t<div class=\"elementor-background-overlay\"><\/div>\n\t\t\t\t\t\t<div class=\"elementor-shape elementor-shape-bottom\" data-negative=\"true\">\n\t\t\t<svg xmlns=\"http:\/\/www.w3.org\/2000\/svg\" viewbox=\"0 0 1000 100\" preserveaspectratio=\"none\">\n\t<path class=\"elementor-shape-fill\" d=\"M615.2,96.7C240.2,97.8,0,18.9,0,0v100h1000V0C1000,19.2,989.8,96,615.2,96.7z\"\/>\n<\/svg>\t\t<\/div>\n\t\t\t\t\t<div class=\"elementor-container elementor-column-gap-default\">\n\t\t\t      \n\t\t\t\t<div class=\"elementor-column elementor-col-100 elementor-top-column elementor-element elementor-element-17e20f53\" data-id=\"17e20f53\" data-element_type=\"column\">\n\t\t\t<div class=\"elementor-widget-wrap elementor-element-populated\">\n\t\t\t\t\t\t<div class=\"elementor-element elementor-element-e4c54ea elementor-widget elementor-widget-spacer\" data-id=\"e4c54ea\" data-element_type=\"widget\" data-widget_type=\"spacer.default\">\n\t\t\t\t<div class=\"elementor-widget-container\">\n\t\t\t<style>\/*! elementor - v3.19.0 - 07-02-2024 *\/\n.elementor-column .elementor-spacer-inner{height:var(--spacer-size)}.e-con{--container-widget-width:100%}.e-con-inner>.elementor-widget-spacer,.e-con>.elementor-widget-spacer{width:var(--container-widget-width,var(--spacer-size));--align-self:var(--container-widget-align-self,initial);--flex-shrink:0}.e-con-inner>.elementor-widget-spacer>.elementor-widget-container,.e-con>.elementor-widget-spacer>.elementor-widget-container{height:100%;width:100%}.e-con-inner>.elementor-widget-spacer>.elementor-widget-container>.elementor-spacer,.e-con>.elementor-widget-spacer>.elementor-widget-container>.elementor-spacer{height:100%}.e-con-inner>.elementor-widget-spacer>.elementor-widget-container>.elementor-spacer>.elementor-spacer-inner,.e-con>.elementor-widget-spacer>.elementor-widget-container>.elementor-spacer>.elementor-spacer-inner{height:var(--container-widget-height,var(--spacer-size))}.e-con-inner>.elementor-widget-spacer.elementor-widget-empty,.e-con>.elementor-widget-spacer.elementor-widget-empty{position:relative;min-height:22px;min-width:22px}.e-con-inner>.elementor-widget-spacer.elementor-widget-empty .elementor-widget-empty-icon,.e-con>.elementor-widget-spacer.elementor-widget-empty .elementor-widget-empty-icon{position:absolute;top:0;bottom:0;left:0;right:0;margin:auto;padding:0;width:22px;height:22px}<\/style>\t\t<div class=\"elementor-spacer\">\n\t\t\t<div class=\"elementor-spacer-inner\"><\/div>\n\t\t<\/div>\n\t\t\t\t<\/div>\n\t\t\t\t<\/div>\n\t\t\t\t<div class=\"elementor-element elementor-element-7b86aad9 elementor-invisible elementor-widget elementor-widget-heading\" data-id=\"7b86aad9\" data-element_type=\"widget\" data-settings=\"{&quot;_animation&quot;:&quot;fadeInUp&quot;}\" data-widget_type=\"heading.default\">\n\t\t\t\t<div class=\"elementor-widget-container\">\n\t\t\t<style>\/*! elementor - v3.19.0 - 07-02-2024 *\/\n.elementor-heading-title{padding:0;margin:0;line-height:1}.elementor-widget-heading .elementor-heading-title[class*=elementor-size-]>a{color:inherit;font-size:inherit;line-height:inherit}.elementor-widget-heading .elementor-heading-title.elementor-size-small{font-size:15px}.elementor-widget-heading .elementor-heading-title.elementor-size-medium{font-size:19px}.elementor-widget-heading .elementor-heading-title.elementor-size-large{font-size:29px}.elementor-widget-heading .elementor-heading-title.elementor-size-xl{font-size:39px}.elementor-widget-heading .elementor-heading-title.elementor-size-xxl{font-size:59px}<\/style><h1 class=\"elementor-heading-title elementor-size-default\">Protegiendo Tu Privacidad <br>En Cada Paso Del Camino.<\/h1>\t\t<\/div>\n\t\t\t\t<\/div>\n\t\t\t\t<div class=\"elementor-element elementor-element-2d58157 elementor-widget elementor-widget-spacer\" data-id=\"2d58157\" data-element_type=\"widget\" data-widget_type=\"spacer.default\">\n\t\t\t\t<div class=\"elementor-widget-container\">\n\t\t\t\t\t<div class=\"elementor-spacer\">\n\t\t\t<div class=\"elementor-spacer-inner\"><\/div>\n\t\t<\/div>\n\t\t\t\t<\/div>\n\t\t\t\t<\/div>\n\t\t\t\t\t<\/div>\n\t\t<\/div>\n\t\t\t\t\t<\/div>\n\t\t<\/section>\n\t\t      \n\t\t\t\t<section class=\"elementor-section elementor-top-section elementor-element elementor-element-2f282ccd elementor-section-boxed elementor-section-height-default elementor-section-height-default\" data-id=\"2f282ccd\" data-element_type=\"section\">\n\t\t\t\t\t\t<div class=\"elementor-container elementor-column-gap-default\">\n\t\t\t      \n\t\t\t\t<div class=\"elementor-column elementor-col-100 elementor-top-column elementor-element elementor-element-5dcd1116\" data-id=\"5dcd1116\" data-element_type=\"column\">\n\t\t\t<div class=\"elementor-widget-wrap elementor-element-populated\">\n\t\t\t\t\t\t<div class=\"elementor-element elementor-element-78176ab3 elementor-invisible elementor-widget elementor-widget-heading\" data-id=\"78176ab3\" data-element_type=\"widget\" data-settings=\"{&quot;_animation&quot;:&quot;fadeInUp&quot;}\" data-widget_type=\"heading.default\">\n\t\t\t\t<div class=\"elementor-widget-container\">\n\t\t\t<h3 class=\"elementor-heading-title elementor-size-default\">Pol\u00edtica de privacidad<\/h3>\t\t<\/div>\n\t\t\t\t<\/div>\n\t\t\t\t\t<\/div>\n\t\t<\/div>\n\t\t\t\t\t<\/div>\n\t\t<\/section>\n\t\t<div class=\"elementor-element elementor-element-ded50f1 e-con-full e-flex e-con e-parent\" data-id=\"ded50f1\" data-element_type=\"container\" data-settings=\"{&quot;content_width&quot;:&quot;full&quot;}\" data-core-v316-plus=\"true\">\n\t\t<div class=\"elementor-element elementor-element-bd8c2ad e-con-full e-flex e-con e-child\" data-id=\"bd8c2ad\" data-element_type=\"container\" data-settings=\"{&quot;content_width&quot;:&quot;full&quot;}\">\n\t\t\t\t<\/div>\n\t\t<div class=\"elementor-element elementor-element-138407c e-con-full e-flex e-con e-child\" data-id=\"138407c\" data-element_type=\"container\" data-settings=\"{&quot;content_width&quot;:&quot;full&quot;}\">\n\t\t\t\t<div class=\"elementor-element elementor-element-4e6023b elementor-blockquote--skin-border elementor-blockquote--button-color-official elementor-widget elementor-widget-blockquote\" data-id=\"4e6023b\" data-element_type=\"widget\" data-widget_type=\"blockquote.default\">\n\t\t\t\t<div class=\"elementor-widget-container\">\n\t\t\t<style>\/*! elementor-pro - v3.19.0 - 07-02-2024 *\/\n@charset \"UTF-8\";.entry-content blockquote.elementor-blockquote:not(.alignright):not(.alignleft),.entry-summary blockquote.elementor-blockquote{margin-right:0;margin-left:0}.elementor-widget-blockquote blockquote{margin:0;padding:0;outline:0;font-size:100%;vertical-align:baseline;background:transparent;quotes:none;border:0;font-style:normal;color:#3f444b}.elementor-widget-blockquote blockquote .e-q-footer:after,.elementor-widget-blockquote blockquote .e-q-footer:before,.elementor-widget-blockquote blockquote:after,.elementor-widget-blockquote blockquote:before,.elementor-widget-blockquote blockquote cite:after,.elementor-widget-blockquote blockquote cite:before{content:none}.elementor-blockquote{transition:.3s}.elementor-blockquote__author,.elementor-blockquote__content{margin-bottom:0;font-style:normal}.elementor-blockquote__author{font-weight:700}.elementor-blockquote .e-q-footer{margin-top:12px;display:flex;justify-content:space-between}.elementor-blockquote__tweet-button{display:flex;transition:.3s;color:#1da1f2;align-self:flex-end;line-height:1;position:relative;width:-moz-max-content;width:max-content}.elementor-blockquote__tweet-button:hover{color:#0967a0}.elementor-blockquote__tweet-button span{font-weight:600}.elementor-blockquote__tweet-button i,.elementor-blockquote__tweet-button span{vertical-align:middle}.elementor-blockquote__tweet-button i+span,.elementor-blockquote__tweet-button svg+span{margin-left:.5em}.elementor-blockquote__tweet-button svg{fill:#1da1f2;height:1em;width:1em}.elementor-blockquote__tweet-label{white-space:pre-wrap}.elementor-blockquote--button-skin-bubble .elementor-blockquote__tweet-button,.elementor-blockquote--button-skin-classic .elementor-blockquote__tweet-button{padding:.7em 1.2em;border-radius:100em;background-color:#1da1f2;color:#fff;font-size:15px}.elementor-blockquote--button-skin-bubble .elementor-blockquote__tweet-button:hover,.elementor-blockquote--button-skin-classic .elementor-blockquote__tweet-button:hover{background-color:#0967a0;color:#fff}.elementor-blockquote--button-skin-bubble .elementor-blockquote__tweet-button:hover:before,.elementor-blockquote--button-skin-classic .elementor-blockquote__tweet-button:hover:before{border-right-color:#0967a0}.elementor-blockquote--button-skin-bubble .elementor-blockquote__tweet-button svg,.elementor-blockquote--button-skin-classic .elementor-blockquote__tweet-button svg{fill:#fff;height:1em;width:1em}.elementor-blockquote--button-skin-bubble.elementor-blockquote--button-view-icon .elementor-blockquote__tweet-button,.elementor-blockquote--button-skin-classic.elementor-blockquote--button-view-icon .elementor-blockquote__tweet-button{padding:0;width:2em;height:2em}.elementor-blockquote--button-skin-bubble.elementor-blockquote--button-view-icon .elementor-blockquote__tweet-button i,.elementor-blockquote--button-skin-classic.elementor-blockquote--button-view-icon .elementor-blockquote__tweet-button i{position:absolute;left:50%;top:50%;transform:translate(-50%,-50%)}.elementor-blockquote--button-skin-bubble .elementor-blockquote__tweet-button:before{content:\"\";border:.5em solid transparent;border-right-color:#1da1f2;position:absolute;left:-.8em;top:50%;transform:translateY(-50%) scaleY(.65);transition:.3s}.elementor-blockquote--button-skin-bubble.elementor-blockquote--align-left .elementor-blockquote__tweet-button:before{right:auto;left:-.8em;border-right-color:#1da1f2;border-left-color:transparent}.elementor-blockquote--button-skin-bubble.elementor-blockquote--align-left .elementor-blockquote__tweet-button:hover:before{border-right-color:#0967a0}.elementor-blockquote--button-skin-bubble.elementor-blockquote--align-right .elementor-blockquote__tweet-button:before{left:auto;right:-.8em;border-right-color:transparent;border-left-color:#1da1f2}.elementor-blockquote--button-skin-bubble.elementor-blockquote--align-right .elementor-blockquote__tweet-button:hover:before{border-left-color:#0967a0}.elementor-blockquote--skin-boxed .elementor-blockquote{background-color:#f9fafa;padding:30px}.elementor-blockquote--skin-border .elementor-blockquote{border-color:#f9fafa;border-left:7px #f9fafa;border-style:solid;padding-left:20px}.elementor-blockquote--skin-quotation .elementor-blockquote:before{content:\"\u201c\";font-size:100px;color:#f9fafa;font-family:Times New Roman,Times,serif;font-weight:900;line-height:1;display:block;height:.6em}.elementor-blockquote--skin-quotation .elementor-blockquote__content{margin-top:15px}.elementor-blockquote--align-left .elementor-blockquote__content{text-align:left}.elementor-blockquote--align-left .elementor-blockquote .e-q-footer{flex-direction:row}.elementor-blockquote--align-right .elementor-blockquote__content{text-align:right}.elementor-blockquote--align-right .elementor-blockquote .e-q-footer{flex-direction:row-reverse}.elementor-blockquote--align-center .elementor-blockquote{text-align:center}.elementor-blockquote--align-center .elementor-blockquote .e-q-footer,.elementor-blockquote--align-center .elementor-blockquote__author{display:block}.elementor-blockquote--align-center .elementor-blockquote__tweet-button{margin-right:auto;margin-left:auto}<\/style>\t\t<blockquote class=\"elementor-blockquote\">\n\t\t\t<p class=\"elementor-blockquote__content\">\n\t\t\t\t<p class=\"MsoNormal\">Aviso de Pol\u00edtica de Privacidad<o:p><\/o:p><\/p>\n\n<p class=\"MsoNormal\">PC Insurance LLC te valora como cliente y toma tu privacidad muy en serio. Cuando solicitas una cotizaci\u00f3n de tarifa, un seguro, realizas un cambio en tu p\u00f3liza de seguro o presentas un reclamo, divulgas informaci\u00f3n sobre ti y los miembros de tu familia. Este aviso te informa sobre c\u00f3mo manejamos la informaci\u00f3n que recopilamos de ti.<o:p><\/o:p><\/p>\n\n<ol style=\"margin-top:0cm\" start=\"1\" type=\"1\">\n <li class=\"MsoNormal\">INFORMACI\u00d3N QUE PODEMOS RECOPILAR<o:p><\/o:p><\/li>\n<\/ol>\n\n<p class=\"MsoNormal\">Recopilamos informaci\u00f3n de ti a trav\u00e9s de los siguientes medios:<o:p><\/o:p><\/p>\n\n<ul style=\"margin-top:0cm\" type=\"disc\">\n <li class=\"MsoNormal\">Aplicaciones u otros formularios que completes e informaci\u00f3n que nos proporciones por tel\u00e9fono;<o:p><\/o:p><\/li>\n <li class=\"MsoNormal\">Transacciones comerciales que realizas con nosotros u otras empresas;<o:p><\/o:p><\/li>\n <li class=\"MsoNormal\">Tu empleador o asociaci\u00f3n para productos del Grupo PC Insurance LLC;<o:p><\/o:p><\/li>\n <li class=\"MsoNormal\">Agencias de informes de cr\u00e9dito del cliente. Departamentos de veh\u00edculos automotores, servicios de inspecci\u00f3n y proveedores de servicios m\u00e9dicos; y<o:p><\/o:p><\/li>\n <li class=\"MsoNormal\">Visitas al sitio web de PC Insurance LLC.<o:p><\/o:p><\/li>\n<\/ul>\n\n<ol style=\"margin-top:0cm\" start=\"2\" type=\"1\">\n <li class=\"MsoNormal\">TIPOS DE INFORMACI\u00d3N QUE PODEMOS DIVULGAR<o:p><\/o:p><\/li>\n<\/ol>\n\n<p class=\"MsoNormal\">We may disclose the\nfollowing information about you:<o:p><\/o:p><\/p>\n\n<ul style=\"margin-top:0cm\" type=\"disc\">\n <li class=\"MsoNormal\">Informaci\u00f3n de tu solicitud u otros formularios, como tu nombre, fecha de nacimiento, n\u00famero de Seguro Social, informaci\u00f3n del veh\u00edculo y del conductor;<o:p><\/o:p><\/li>\n <li class=\"MsoNormal\">Informaci\u00f3n sobre transacciones que realizas con nosotros, nuestras afiliadas, entre otros, como tus coberturas de seguro, historial de pagos e informaci\u00f3n de ciertos reclamos; y<o:p><\/o:p><\/li>\n <li class=\"MsoNormal\">Informaci\u00f3n que recibimos de terceros, como registros de veh\u00edculos automotores e historial de reclamaciones.<o:p><\/o:p><\/li>\n<\/ul>\n\n<ol style=\"margin-top:0cm\" start=\"3\" type=\"1\">\n <li class=\"MsoNormal\">A QUI\u00c9N LE PODEMOS DIVULGAR LA INFORMACI\u00d3N<o:p><\/o:p><\/li>\n<\/ol>\n\n<p class=\"MsoNormal\">Nosotros no divulgamos informaci\u00f3n personal sobre ti a nadie, a menos que la ley lo permita. La ley nos permite proporcionar informaci\u00f3n a las siguientes personas o entidades:<o:p><\/o:p><\/p>\n\n<ul style=\"margin-top:0cm\" type=\"disc\">\n <li class=\"MsoNormal\">Un tercero que presta servicios para nosotros, como investigaciones sobre reclamaciones, ex\u00e1menes m\u00e9dicos, inspecciones y tasaciones, asistencia en la carretera o reparaci\u00f3n de su veh\u00edculo si presenta una reclamaci\u00f3n;<o:p><\/o:p><\/li>\n <li class=\"MsoNormal\">Nuestras compa\u00f1\u00edas afiliadas y reaseguradoras;<o:p><\/o:p><\/li>\n <li class=\"MsoNormal\">Agencias de informes y reguladoras de seguros;<o:p><\/o:p><\/li>\n <li class=\"MsoNormal\">Agencias de informaci\u00f3n crediticia del cliente para obtener informaci\u00f3n sobre el historial de reclamos, informes del veh\u00edculo automotor o informes crediticios cuando la ley lo permita;<o:p><\/o:p><\/li>\n <li class=\"MsoNormal\">Departamentos de veh\u00edculos automotores del estado para obtener informes sobre cualquier accidentes o condenas, o para confirmar que cumple con la ley sobre el seguro obligatorio de responsabilidad civil para veh\u00edculos automotores;<o:p><\/o:p><\/li>\n <li class=\"MsoNormal\">Agencias del orden p\u00fablico u otras autoridades gubernamentales para informar sobre presuntas actividades ilegales;<o:p><\/o:p><\/li>\n <li class=\"MsoNormal\">Una persona u organizaci\u00f3n que lleve a cabo servicios actuariales para seguros o estudios de investigaci\u00f3n;<o:p><\/o:p><\/li>\n <li class=\"MsoNormal\">Compa\u00f1\u00edas que prestan servicios de mercadotecnia en nuestro nombre, como parte de un acuerdo de comercializaci\u00f3n conjunta con bancos, cooperativas de cr\u00e9ditos y socios de afinidad, o proveedoras de rentas, y productos y servicios financieros que ofrecemos a nuestros clientes; y<o:p><\/o:p><\/li>\n <li class=\"MsoNormal\">Seg\u00fan lo permita la ley.<o:p><\/o:p><\/li>\n<\/ul>\n\n<ol style=\"margin-top:0cm\" start=\"4\" type=\"1\">\n <li class=\"MsoNormal\">C\u00d3MO PROTEGEMOS LA INFORMACI\u00d3N<o:p><\/o:p><\/li>\n<\/ol>\n\n<p class=\"MsoNormal\">Mantenemos salvaguardias f\u00edsicas, electr\u00f3nicas y de procedimiento para proteger su informaci\u00f3n personal privada. Estas salvaguardias cumplen con las leyes aplicables. Conservamos su informaci\u00f3n durante el tiempo que la ley o las regulaciones lo exijan. Los \u00fanicos empleados o agentes que tienen acceso a su informaci\u00f3n son aquellos que deben tenerla para proporcionarle productos o servicios. Nosotros no vendemos su informaci\u00f3n a compa\u00f1\u00edas de telemarketing o de mercadotecnia masiva. Toda informaci\u00f3n que compartamos con terceros, como organizaciones que prestan un servicio para nosotros o venden nuestros productos, est\u00e1 sujeta a las protecciones de confidencialidad correspondientes y solo se puede usar para los fines previstos.<o:p><\/o:p><\/p>\n\n<p class=\"MsoNormal\"><o:p>&nbsp;<\/o:p><\/p>\t\t\t<\/p>\n\t\t\t\t\t<\/blockquote>\n\t\t\t\t<\/div>\n\t\t\t\t<\/div>\n\t\t\t\t<\/div>\n\t\t<div class=\"elementor-element elementor-element-2812667 e-con-full e-flex e-con e-child\" data-id=\"2812667\" data-element_type=\"container\" data-settings=\"{&quot;content_width&quot;:&quot;full&quot;}\">\n\t\t\t\t<\/div>\n\t\t\t\t<\/div>\n\t\t<div class=\"elementor-element elementor-element-b84125b e-con-full e-flex e-con e-parent\" data-id=\"b84125b\" data-element_type=\"container\" data-settings=\"{&quot;content_width&quot;:&quot;full&quot;}\" data-core-v316-plus=\"true\">\n\t\t<div class=\"elementor-element elementor-element-f0b6048 e-con-full e-flex e-con e-child\" data-id=\"f0b6048\" data-element_type=\"container\" data-settings=\"{&quot;content_width&quot;:&quot;full&quot;}\">\n\t\t\t\t<\/div>\n\t\t<div class=\"elementor-element elementor-element-d24f3c7 e-con-full e-flex e-con e-child\" data-id=\"d24f3c7\" data-element_type=\"container\" data-settings=\"{&quot;content_width&quot;:&quot;full&quot;}\">\n\t\t\t\t<div class=\"elementor-element elementor-element-0c0dac8 animated-slow elementor-invisible elementor-widget elementor-widget-saasplate_button\" data-id=\"0c0dac8\" data-element_type=\"widget\" data-settings=\"{&quot;_animation&quot;:&quot;fadeInUp&quot;,&quot;_animation_delay&quot;:2000}\" data-widget_type=\"saasplate_button.default\">\n\t\t\t\t<div class=\"elementor-widget-container\">\n\t\t\t                <div class=\"saasplate-button-container\" style=\"display: flex;\">\n            <a href=\"tel:281-733-2666\">\n                <div class=\"banner-btn\" style=\"flex-direction: \">\n                    <span><i aria-hidden=\"true\" class=\"fas fa-phone-alt\"><\/i><\/span>\n                    <span>Ll\u00e1manos 281-733-2666<\/span>\n                <\/div>\n            <\/a>\n        <\/div>\n                \t\t<\/div>\n\t\t\t\t<\/div>\n\t\t\t\t<\/div>\n\t\t<div class=\"elementor-element elementor-element-6ac5d63 e-con-full e-flex e-con e-child\" data-id=\"6ac5d63\" data-element_type=\"container\" data-settings=\"{&quot;content_width&quot;:&quot;full&quot;}\">\n\t\t\t\t<\/div>\n\t\t\t\t<\/div>\n\t\t\t\t<\/div>","protected":false},"excerpt":{"rendered":"<p>Protecting Your Privacy Every Step of the Way. Privacy Policy Privacy Policy Notice PC Insurance LLC values you as a customer and takes your privacy very seriously. When you request a rate quote, insurance, make a change to your insurance policy, or file a claim, you disclose information about yourself and your family members. This [&hellip;]<\/p>","protected":false},"author":1,"featured_media":0,"parent":0,"menu_order":0,"comment_status":"closed","ping_status":"closed","template":"elementor_header_footer","meta":{"footnotes":""},"acf":[],"_links":{"self":[{"href":"https:\/\/pcinsurancellc.org\/es\/wp-json\/wp\/v2\/pages\/4560"}],"collection":[{"href":"https:\/\/pcinsurancellc.org\/es\/wp-json\/wp\/v2\/pages"}],"about":[{"href":"https:\/\/pcinsurancellc.org\/es\/wp-json\/wp\/v2\/types\/page"}],"author":[{"embeddable":true,"href":"https:\/\/pcinsurancellc.org\/es\/wp-json\/wp\/v2\/users\/1"}],"replies":[{"embeddable":true,"href":"https:\/\/pcinsurancellc.org\/es\/wp-json\/wp\/v2\/comments?post=4560"}],"version-history":[{"count":13,"href":"https:\/\/pcinsurancellc.org\/es\/wp-json\/wp\/v2\/pages\/4560\/revisions"}],"predecessor-version":[{"id":4574,"href":"https:\/\/pcinsurancellc.org\/es\/wp-json\/wp\/v2\/pages\/4560\/revisions\/4574"}],"wp:attachment":[{"href":"https:\/\/pcinsurancellc.org\/es\/wp-json\/wp\/v2\/media?parent=4560"}],"curies":[{"name":"wp","href":"https:\/\/api.w.org\/{rel}","templated":true}]}}