{"id":4559,"date":"2024-05-08T21:27:37","date_gmt":"2024-05-09T03:27:37","guid":{"rendered":"https:\/\/pcinsurancellc.org\/?page_id=4559"},"modified":"2024-05-08T21:37:17","modified_gmt":"2024-05-09T03:37:17","slug":"faq","status":"publish","type":"page","link":"https:\/\/pcinsurancellc.org\/es\/faq\/","title":{"rendered":"Preguntas Frecuentes"},"content":{"rendered":"<div data-elementor-type=\"wp-page\" data-elementor-id=\"4559\" class=\"elementor elementor-4559\" data-elementor-post-type=\"page\">\n\t\t\t\t      \n\t\t\t\t<section class=\"elementor-section elementor-top-section elementor-element elementor-element-222d8ad6 elementor-section-boxed elementor-section-height-default elementor-section-height-default\" data-id=\"222d8ad6\" data-element_type=\"section\" data-settings=\"{&quot;background_background&quot;:&quot;video&quot;,&quot;background_video_link&quot;:&quot;https:\\\/\\\/www.youtube.com\\\/watch?v=O9F4rXp1Ogc&quot;,&quot;background_video_start&quot;:300,&quot;background_video_end&quot;:330,&quot;shape_divider_bottom&quot;:&quot;curve-asymmetrical&quot;,&quot;shape_divider_bottom_negative&quot;:&quot;yes&quot;}\">\n\t\t\t\t\t\t\t\t<div class=\"elementor-background-video-container elementor-hidden-phone\">\n\t\t\t\t\t\t\t\t\t\t\t\t\t<div class=\"elementor-background-video-embed\"><\/div>\n\t\t\t\t\t\t\t\t\t\t\t\t<\/div>\n\t\t\t\t\t\t\t\t\t<div class=\"elementor-background-overlay\"><\/div>\n\t\t\t\t\t\t<div class=\"elementor-shape elementor-shape-bottom\" data-negative=\"true\">\n\t\t\t<svg xmlns=\"http:\/\/www.w3.org\/2000\/svg\" viewbox=\"0 0 1000 100\" preserveaspectratio=\"none\">\n\t<path class=\"elementor-shape-fill\" d=\"M615.2,96.7C240.2,97.8,0,18.9,0,0v100h1000V0C1000,19.2,989.8,96,615.2,96.7z\"\/>\n<\/svg>\t\t<\/div>\n\t\t\t\t\t<div class=\"elementor-container elementor-column-gap-default\">\n\t\t\t      \n\t\t\t\t<div class=\"elementor-column elementor-col-100 elementor-top-column elementor-element elementor-element-17e20f53\" data-id=\"17e20f53\" data-element_type=\"column\">\n\t\t\t<div class=\"elementor-widget-wrap elementor-element-populated\">\n\t\t\t\t\t\t<div class=\"elementor-element elementor-element-e4c54ea elementor-widget elementor-widget-spacer\" data-id=\"e4c54ea\" data-element_type=\"widget\" data-widget_type=\"spacer.default\">\n\t\t\t\t<div class=\"elementor-widget-container\">\n\t\t\t<style>\/*! elementor - v3.19.0 - 07-02-2024 *\/\n.elementor-column .elementor-spacer-inner{height:var(--spacer-size)}.e-con{--container-widget-width:100%}.e-con-inner>.elementor-widget-spacer,.e-con>.elementor-widget-spacer{width:var(--container-widget-width,var(--spacer-size));--align-self:var(--container-widget-align-self,initial);--flex-shrink:0}.e-con-inner>.elementor-widget-spacer>.elementor-widget-container,.e-con>.elementor-widget-spacer>.elementor-widget-container{height:100%;width:100%}.e-con-inner>.elementor-widget-spacer>.elementor-widget-container>.elementor-spacer,.e-con>.elementor-widget-spacer>.elementor-widget-container>.elementor-spacer{height:100%}.e-con-inner>.elementor-widget-spacer>.elementor-widget-container>.elementor-spacer>.elementor-spacer-inner,.e-con>.elementor-widget-spacer>.elementor-widget-container>.elementor-spacer>.elementor-spacer-inner{height:var(--container-widget-height,var(--spacer-size))}.e-con-inner>.elementor-widget-spacer.elementor-widget-empty,.e-con>.elementor-widget-spacer.elementor-widget-empty{position:relative;min-height:22px;min-width:22px}.e-con-inner>.elementor-widget-spacer.elementor-widget-empty .elementor-widget-empty-icon,.e-con>.elementor-widget-spacer.elementor-widget-empty .elementor-widget-empty-icon{position:absolute;top:0;bottom:0;left:0;right:0;margin:auto;padding:0;width:22px;height:22px}<\/style>\t\t<div class=\"elementor-spacer\">\n\t\t\t<div class=\"elementor-spacer-inner\"><\/div>\n\t\t<\/div>\n\t\t\t\t<\/div>\n\t\t\t\t<\/div>\n\t\t\t\t<div class=\"elementor-element elementor-element-7b86aad9 elementor-invisible elementor-widget elementor-widget-heading\" data-id=\"7b86aad9\" data-element_type=\"widget\" data-settings=\"{&quot;_animation&quot;:&quot;fadeInUp&quot;}\" data-widget_type=\"heading.default\">\n\t\t\t\t<div class=\"elementor-widget-container\">\n\t\t\t<style>\/*! elementor - v3.19.0 - 07-02-2024 *\/\n.elementor-heading-title{padding:0;margin:0;line-height:1}.elementor-widget-heading .elementor-heading-title[class*=elementor-size-]>a{color:inherit;font-size:inherit;line-height:inherit}.elementor-widget-heading .elementor-heading-title.elementor-size-small{font-size:15px}.elementor-widget-heading .elementor-heading-title.elementor-size-medium{font-size:19px}.elementor-widget-heading .elementor-heading-title.elementor-size-large{font-size:29px}.elementor-widget-heading .elementor-heading-title.elementor-size-xl{font-size:39px}.elementor-widget-heading .elementor-heading-title.elementor-size-xxl{font-size:59px}<\/style><h1 class=\"elementor-heading-title elementor-size-default\">Para Todas Sus Preguntas,<br>Tenemos Respuestas.<\/h1>\t\t<\/div>\n\t\t\t\t<\/div>\n\t\t\t\t<div class=\"elementor-element elementor-element-2d58157 elementor-widget elementor-widget-spacer\" data-id=\"2d58157\" data-element_type=\"widget\" data-widget_type=\"spacer.default\">\n\t\t\t\t<div class=\"elementor-widget-container\">\n\t\t\t\t\t<div class=\"elementor-spacer\">\n\t\t\t<div class=\"elementor-spacer-inner\"><\/div>\n\t\t<\/div>\n\t\t\t\t<\/div>\n\t\t\t\t<\/div>\n\t\t\t\t\t<\/div>\n\t\t<\/div>\n\t\t\t\t\t<\/div>\n\t\t<\/section>\n\t\t      \n\t\t\t\t<section class=\"elementor-section elementor-top-section elementor-element elementor-element-2f282ccd elementor-section-boxed elementor-section-height-default elementor-section-height-default\" data-id=\"2f282ccd\" data-element_type=\"section\">\n\t\t\t\t\t\t<div class=\"elementor-container elementor-column-gap-default\">\n\t\t\t      \n\t\t\t\t<div class=\"elementor-column elementor-col-100 elementor-top-column elementor-element elementor-element-5dcd1116\" data-id=\"5dcd1116\" data-element_type=\"column\">\n\t\t\t<div class=\"elementor-widget-wrap elementor-element-populated\">\n\t\t\t\t\t\t<div class=\"elementor-element elementor-element-78176ab3 elementor-invisible elementor-widget elementor-widget-heading\" data-id=\"78176ab3\" data-element_type=\"widget\" data-settings=\"{&quot;_animation&quot;:&quot;fadeInUp&quot;}\" data-widget_type=\"heading.default\">\n\t\t\t\t<div class=\"elementor-widget-container\">\n\t\t\t<h3 class=\"elementor-heading-title elementor-size-default\">Preguntas Frecuentes<\/h3>\t\t<\/div>\n\t\t\t\t<\/div>\n\t\t\t\t\t<\/div>\n\t\t<\/div>\n\t\t\t\t\t<\/div>\n\t\t<\/section>\n\t\t<div class=\"elementor-element elementor-element-ded50f1 e-con-full e-flex e-con e-parent\" data-id=\"ded50f1\" data-element_type=\"container\" data-settings=\"{&quot;content_width&quot;:&quot;full&quot;}\" data-core-v316-plus=\"true\">\n\t\t<div class=\"elementor-element elementor-element-bd8c2ad e-con-full e-flex e-con e-child\" data-id=\"bd8c2ad\" data-element_type=\"container\" data-settings=\"{&quot;content_width&quot;:&quot;full&quot;}\">\n\t\t\t\t<\/div>\n\t\t<div class=\"elementor-element elementor-element-138407c e-con-full e-flex e-con e-child\" data-id=\"138407c\" data-element_type=\"container\" data-settings=\"{&quot;content_width&quot;:&quot;full&quot;}\">\n\t\t\t\t<div class=\"elementor-element elementor-element-3489ce2 elementor-widget elementor-widget-saasplate_saasplate_Accordion\" data-id=\"3489ce2\" data-element_type=\"widget\" data-widget_type=\"saasplate_saasplate_Accordion.default\">\n\t\t\t\t<div class=\"elementor-widget-container\">\n\t\t\t      <div class=\"saasplate-elementor-accordion\">\n                    \n           <div class=\"accordion saasplate-accordion\">\n               \n                 <div class=\"accordion__item saasplate-accordion-item medi-accordion84594f8 active  saasp-stone-icon-type-one\">\n    <div class=\"accordion-header saasplate-accordion-header\">1. \u00bfPor qu\u00e9 necesito obtener un seguro de responsabilidad comercial?<\/div> \n  <div class=\"accordion__body saasplate-accordion-body\">\n    <div class=\"accordion__body__contents\">\n        <div class=\"accordion__body__contents_inner\">\n     <p>Como regla general, debes asegurarte contra cosas que no podr\u00edas pagar por tu cuenta. Esta cobertura protege contra p\u00e9rdidas financieras como resultado de lesiones corporales, da\u00f1os a la propiedad, gastos m\u00e9dicos, difamaci\u00f3n, calumnias, defensa en juicios y fianzas o sentencias.<\/p>     <\/div>\n    <\/div>\n      \n    <\/div\n><!-- end of accordion body -->\n  <\/div><!-- end of accordion item -->\n     <div class=\"accordion__item saasplate-accordion-item medi-accordion9cb11c5   saasp-stone-icon-type-one\">\n    <div class=\"accordion-header saasplate-accordion-header\">2. \u00bfEn qu\u00e9 se diferencia una p\u00f3liza para propietarios de negocios (BOP) de la responsabilidad general?<\/div> \n  <div class=\"accordion__body saasplate-accordion-body\">\n    <div class=\"accordion__body__contents\">\n        <div class=\"accordion__body__contents_inner\">\n     <p>Una p\u00f3liza para propietarios de negocios, o BOP, es un paquete de coberturas, incluyendo responsabilidad general, que se han agrupado para proporcionar, como m\u00ednimo, cobertura para las p\u00e9rdidas comunes b\u00e1sicas que enfrenta un negocio.<\/p><p>El seguro de responsabilidad general proporciona defensa legal y protecci\u00f3n contra cosas como resbalones, tropiezos y ca\u00eddas, as\u00ed como da\u00f1os a la propiedad de terceros. La responsabilidad general es una cobertura importante para tu negocio, pero es solo una de las muchas coberturas que necesitas para proteger adecuadamente tu negocio.<\/p>     <\/div>\n    <\/div>\n      \n    <\/div\n><!-- end of accordion body -->\n  <\/div><!-- end of accordion item -->\n     <div class=\"accordion__item saasplate-accordion-item medi-accordionca059f2   saasp-stone-icon-type-one\">\n    <div class=\"accordion-header saasplate-accordion-header\">3. \u00bfQu\u00e9 es un Certificado de Seguro Comercial?<\/div> \n  <div class=\"accordion__body saasplate-accordion-body\">\n    <div class=\"accordion__body__contents\">\n        <div class=\"accordion__body__contents_inner\">\n     <p>Un Certificado de Seguro Comercial (COI, por sus siglas en ingl\u00e9s) es un documento que tu compa\u00f1\u00eda de seguros te proporcionar\u00e1 para mostrar tu prueba de tener un seguro comercial. Este documento suele tener una p\u00e1gina de extensi\u00f3n y proporciona un resumen de la cobertura de seguro comercial que tiene tu negocio.<\/p>     <\/div>\n    <\/div>\n      \n    <\/div\n><!-- end of accordion body -->\n  <\/div><!-- end of accordion item -->\n     <div class=\"accordion__item saasplate-accordion-item medi-accordionef0ceb3   saasp-stone-icon-type-one\">\n    <div class=\"accordion-header saasplate-accordion-header\">4. \u00bfPor qu\u00e9 deber\u00eda tener un seguro de compensaci\u00f3n laboral para mi empresa?<\/div> \n  <div class=\"accordion__body saasplate-accordion-body\">\n    <div class=\"accordion__body__contents\">\n        <div class=\"accordion__body__contents_inner\">\n     <p>La compensaci\u00f3n para trabajadores es beneficiosa tanto para empleadores como para trabajadores porque protege a ambas partes. Es el \u00fanico seguro que proporciona cobertura m\u00e9dica y por discapacidad para los trabajadores, as\u00ed como protecci\u00f3n legal para los empleadores.<\/p>     <\/div>\n    <\/div>\n      \n    <\/div\n><!-- end of accordion body -->\n  <\/div><!-- end of accordion item -->\n     <div class=\"accordion__item saasplate-accordion-item medi-accordion175e277   saasp-stone-icon-type-one\">\n    <div class=\"accordion-header saasplate-accordion-header\">5. \u00bfPor qu\u00e9 deber\u00eda tener un Seguro de Responsabilidad Cibern\u00e9tica?<\/div> \n  <div class=\"accordion__body saasplate-accordion-body\">\n    <div class=\"accordion__body__contents\">\n        <div class=\"accordion__body__contents_inner\">\n     <p>Independientemente del tipo o tama\u00f1o de tu negocio, siempre existe el riesgo de ciberataques.<\/p>     <\/div>\n    <\/div>\n      \n    <\/div\n><!-- end of accordion body -->\n  <\/div><!-- end of accordion item -->\n     <div class=\"accordion__item saasplate-accordion-item medi-accordion5534776   saasp-stone-icon-type-one\">\n    <div class=\"accordion-header saasplate-accordion-header\">6. \u00bfCu\u00e1nto tiempo tengo para presentar una reclamaci\u00f3n?<\/div> \n  <div class=\"accordion__body saasplate-accordion-body\">\n    <div class=\"accordion__body__contents\">\n        <div class=\"accordion__body__contents_inner\">\n     <p>Debes intentar presentar tu reclamaci\u00f3n de seguro tan pronto como sea razonablemente posible. Algunas compa\u00f1\u00edas de seguros te permitir\u00e1n presentar una reclamaci\u00f3n en l\u00ednea, a trav\u00e9s de una aplicaci\u00f3n m\u00f3vil o por tel\u00e9fono con uno de sus agentes. La informaci\u00f3n de contacto de tu proveedor o compa\u00f1\u00eda de seguros se puede encontrar en tu paquete de p\u00f3liza.<\/p>     <\/div>\n    <\/div>\n      \n    <\/div\n><!-- end of accordion body -->\n  <\/div><!-- end of accordion item -->\n     <div class=\"accordion__item saasplate-accordion-item medi-accordion9fc675b   saasp-stone-icon-type-one\">\n    <div class=\"accordion-header saasplate-accordion-header\">7. \u00bfC\u00f3mo funciona el proceso de reclamaci\u00f3n? \u00bfDebo contactar a PC Insurance LLC?<\/div> \n  <div class=\"accordion__body saasplate-accordion-body\">\n    <div class=\"accordion__body__contents\">\n        <div class=\"accordion__body__contents_inner\">\n     <p>Siempre puedes contactar a tu agente en PC Insurance LLC para obtener asistencia. Sin embargo, idealmente deber\u00edas dirigirte directamente a tu proveedor con la informaci\u00f3n de tu p\u00f3liza y una descripci\u00f3n de la p\u00e9rdida o el motivo de la reclamaci\u00f3n. Ellos te proporcionar\u00e1n los detalles y el cronograma de c\u00f3mo se gestionar\u00e1 tu reclamaci\u00f3n.<\/p>     <\/div>\n    <\/div>\n      \n    <\/div\n><!-- end of accordion body -->\n  <\/div><!-- end of accordion item -->\n     <div class=\"accordion__item saasplate-accordion-item medi-accordiona165c0d   saasp-stone-icon-type-one\">\n    <div class=\"accordion-header saasplate-accordion-header\">8. \u00bfCu\u00e1ndo debo obtener un Seguro Comercial?<\/div> \n  <div class=\"accordion__body saasplate-accordion-body\">\n    <div class=\"accordion__body__contents\">\n        <div class=\"accordion__body__contents_inner\">\n     <p>Al comenzar un negocio, es esencial tener un seguro comercial para proteger todo lo que has trabajado duro para crear. No hay un momento espec\u00edfico ideal para obtener un seguro, pero cuanto antes, mejor. De hecho, la mayor\u00eda de los estados requerir\u00e1n que tengas algunos tipos de seguros comerciales para comenzar. Tambi\u00e9n puedes agregar cobertura cuando:<\/p><ul><li>Renuevas tu p\u00f3liza<\/li><li>Contratar o despedir empleados<\/li><li>Trasladarse<\/li><li>Renovar Equipamiento<\/li><li>Ofrecer nuevos productos<\/li><li>Aumentar o disminuir tus ingresos significativamente<\/li><\/ul>     <\/div>\n    <\/div>\n      \n    <\/div\n><!-- end of accordion body -->\n  <\/div><!-- end of accordion item -->\n     <div class=\"accordion__item saasplate-accordion-item medi-accordion6f9f74a   saasp-stone-icon-type-one\">\n    <div class=\"accordion-header saasplate-accordion-header\">9. \u00bfC\u00f3mo obtengo un Seguro Comercial o de Negocios?<\/div> \n  <div class=\"accordion__body saasplate-accordion-body\">\n    <div class=\"accordion__body__contents\">\n        <div class=\"accordion__body__contents_inner\">\n     <p>El primer paso para obtener un seguro comercial para tu negocio es contactar a un agente de seguros con licencia y experiencia. Nuestros agentes de seguros profesionales en PC Insurance evaluar\u00e1n los riesgos de tu negocio y te ayudar\u00e1n a elegir la cobertura que m\u00e1s necesitas. Recomendar\u00e1n las p\u00f3lizas m\u00e1s relevantes para proteger tu capital, negocio y brindarte tranquilidad.<\/p><p>Nuestro equipo se esfuerza por brindar un servicio r\u00e1pido y amigable para que puedas asegurar tu negocio de manera r\u00e1pida y f\u00e1cil. En PC Insurance, podemos enviar cotizaciones en cuesti\u00f3n de horas para ayudarte a tomar decisiones informadas para tu negocio.<\/p><p>Nuestro equipo puede ayudar a proteger tus activos al proporcionar algunas de las tarifas de seguro m\u00e1s accesibles en el mercado. Nuestro equipo tiene m\u00e1s de 15 a\u00f1os de experiencia. Entendemos el tiempo y el esfuerzo que implica construir un negocio exitoso, y queremos ayudarte a preservar tu arduo trabajo. Cont\u00e1ctanos hoy al 281-733-2666.<\/p>     <\/div>\n    <\/div>\n      \n    <\/div\n><!-- end of accordion body -->\n  <\/div><!-- end of accordion item -->\n     <div class=\"accordion__item saasplate-accordion-item medi-accordion8231409   saasp-stone-icon-type-one\">\n    <div class=\"accordion-header saasplate-accordion-header\">\u00bfEs deducible de impuestos el seguro comercial?<\/div> \n  <div class=\"accordion__body saasplate-accordion-body\">\n    <div class=\"accordion__body__contents\">\n        <div class=\"accordion__body__contents_inner\">\n     <p>El seguro comercial es deducible de impuestos. El Servicio de Impuestos Internos (IRS) clasifica el seguro comercial, tanto los legalmente requeridos como las p\u00f3lizas de seguros especiales, como costos comerciales. Por lo tanto, puedes deducir tu prima de seguro de tu ingreso sujeto a impuestos.<\/p><p>Para ahorrar la mayor cantidad de dinero, es importante saber exactamente qu\u00e9 prima es deducible de impuestos que puedes aplicar para tu negocio. Por ejemplo, es posible que no puedas deducir el seguro de salud de tu ingreso sujeto a impuestos. Puede ser un desaf\u00edo determinar qu\u00e9 p\u00f3lizas est\u00e1n incluidas. Un experto en impuestos CPA con experiencia puede ayudarte a determinar tus deducciones fiscales y proporcionar la documentaci\u00f3n necesaria.<\/p><p>Los siguientes tipos de seguros suelen ser deducibles de impuestos:<\/p><ul><li>Responsabilidad general<\/li><li>Responsabilidad profesional<\/li><li>Compensaci\u00f3n de trabajadores<\/li><li>Propiedad comercial<\/li><li>Seguro de interrupci\u00f3n del negocio<\/li><li>Seguro de responsabilidad cibern\u00e9tica<\/li><li>Seguro de auto comercial<\/li><li>P\u00f3lizas de seguro de desempleo<\/li><li>Equipos de contratista mar\u00edtimo interior<\/li><\/ul>     <\/div>\n    <\/div>\n      \n    <\/div\n><!-- end of accordion body -->\n  <\/div><!-- end of accordion item -->\n     \n<\/div><!-- end of accordion -->\n   \n       <\/div>\n      \n      \n      \n      \n      \n       \n        \t\t<\/div>\n\t\t\t\t<\/div>\n\t\t\t\t<\/div>\n\t\t<div class=\"elementor-element elementor-element-2812667 e-con-full e-flex e-con e-child\" data-id=\"2812667\" data-element_type=\"container\" data-settings=\"{&quot;content_width&quot;:&quot;full&quot;}\">\n\t\t\t\t<\/div>\n\t\t\t\t<\/div>\n\t\t<div class=\"elementor-element elementor-element-b84125b e-con-full e-flex e-con e-parent\" data-id=\"b84125b\" data-element_type=\"container\" data-settings=\"{&quot;content_width&quot;:&quot;full&quot;}\" data-core-v316-plus=\"true\">\n\t\t<div class=\"elementor-element elementor-element-f0b6048 e-con-full e-flex e-con e-child\" data-id=\"f0b6048\" data-element_type=\"container\" data-settings=\"{&quot;content_width&quot;:&quot;full&quot;}\">\n\t\t\t\t<\/div>\n\t\t<div class=\"elementor-element elementor-element-d24f3c7 e-con-full e-flex e-con e-child\" data-id=\"d24f3c7\" data-element_type=\"container\" data-settings=\"{&quot;content_width&quot;:&quot;full&quot;}\">\n\t\t\t\t<div class=\"elementor-element elementor-element-0c0dac8 animated-slow elementor-invisible elementor-widget elementor-widget-saasplate_button\" data-id=\"0c0dac8\" data-element_type=\"widget\" data-settings=\"{&quot;_animation&quot;:&quot;fadeInUp&quot;,&quot;_animation_delay&quot;:2000}\" data-widget_type=\"saasplate_button.default\">\n\t\t\t\t<div class=\"elementor-widget-container\">\n\t\t\t                <div class=\"saasplate-button-container\" style=\"display: flex;\">\n            <a href=\"tel:281-733-2666\">\n                <div class=\"banner-btn\" style=\"flex-direction: \">\n                    <span><i aria-hidden=\"true\" class=\"fas fa-phone-alt\"><\/i><\/span>\n                    <span>Ll\u00e1manos 281-733-2666<\/span>\n                <\/div>\n            <\/a>\n        <\/div>\n                \t\t<\/div>\n\t\t\t\t<\/div>\n\t\t\t\t<\/div>\n\t\t<div class=\"elementor-element elementor-element-6ac5d63 e-con-full e-flex e-con e-child\" data-id=\"6ac5d63\" data-element_type=\"container\" data-settings=\"{&quot;content_width&quot;:&quot;full&quot;}\">\n\t\t\t\t<\/div>\n\t\t\t\t<\/div>\n\t\t\t\t<\/div>","protected":false},"excerpt":{"rendered":"<p>For All Your Questions,We&#8217;ve Got Answers. Frequently Asked Questions 1. Why do I need to get commercial liability insurance? As a general rule, you should insure against things you wouldn&#8217;t be able to pay for on your own. This coverage protects against financial loss as the result of bodily injury, property damage, medical expenses, libel, [&hellip;]<\/p>","protected":false},"author":1,"featured_media":0,"parent":0,"menu_order":0,"comment_status":"closed","ping_status":"closed","template":"elementor_header_footer","meta":{"footnotes":""},"acf":[],"_links":{"self":[{"href":"https:\/\/pcinsurancellc.org\/es\/wp-json\/wp\/v2\/pages\/4559"}],"collection":[{"href":"https:\/\/pcinsurancellc.org\/es\/wp-json\/wp\/v2\/pages"}],"about":[{"href":"https:\/\/pcinsurancellc.org\/es\/wp-json\/wp\/v2\/types\/page"}],"author":[{"embeddable":true,"href":"https:\/\/pcinsurancellc.org\/es\/wp-json\/wp\/v2\/users\/1"}],"replies":[{"embeddable":true,"href":"https:\/\/pcinsurancellc.org\/es\/wp-json\/wp\/v2\/comments?post=4559"}],"version-history":[{"count":1,"href":"https:\/\/pcinsurancellc.org\/es\/wp-json\/wp\/v2\/pages\/4559\/revisions"}],"predecessor-version":[{"id":4562,"href":"https:\/\/pcinsurancellc.org\/es\/wp-json\/wp\/v2\/pages\/4559\/revisions\/4562"}],"wp:attachment":[{"href":"https:\/\/pcinsurancellc.org\/es\/wp-json\/wp\/v2\/media?parent=4559"}],"curies":[{"name":"wp","href":"https:\/\/api.w.org\/{rel}","templated":true}]}}